{"id":1372,"date":"2018-11-06T18:01:47","date_gmt":"2018-11-06T18:01:47","guid":{"rendered":"https:\/\/hotelvestmannaeyjar.is\/deluxe-hjonaherbergi\/"},"modified":"2024-08-16T11:23:52","modified_gmt":"2024-08-16T11:23:52","slug":"deluxe-hjonaherbergi","status":"publish","type":"page","link":"https:\/\/hotelvestmannaeyjar.is\/is\/eiginleikar\/deluxe-hjonaherbergi\/","title":{"rendered":"Deluxe hj\u00f3naherbergi"},"content":{"rendered":"<div class=\"wpb-content-wrapper\"><p>[vc_row][vc_column width=&#8220;1\/2&#8243;][vc_single_image image=&#8220;1321&#8243; img_size=&#8220;large&#8220; css=&#8220;&#8220;][\/vc_column][vc_column width=&#8220;1\/2&#8243;][vc_column_text]<\/p>\n<div class=\"info\" data-name-en=\"roomsize\">\n<div class=\"info\" data-name-en=\"roomsize\"><strong>Herbergisst\u00e6r\u00f0<\/strong> 25 m\u00b2<\/div>\n<p class=\" js_hp_rt_lightbox_room_desc \">\u00deessi herbergi bj\u00f3\u00f0a upp \u00e1 aukar\u00fdmi, setusv\u00e6\u00f0i, sj\u00f3nvarp og s\u00e9rba\u00f0herbergi.<\/p>\n<div>\n<p class=\"hp_rt_lightbox_facilities__title\"><strong>Herbergisa\u00f0sta\u00f0a:<\/strong><\/p>\n<ul class=\"hp_rt_lightbox_facilities hp_rt_lightbox_facilities__list\" data-nr-of-facilities=\"16\">\n<li class=\"hp_rt_lightbox_facilities__list__item\" data-name-en=\"Shower\">Sturta<\/li>\n<li class=\"hp_rt_lightbox_facilities__list__item\" data-name-en=\"Telephone\">S\u00edmi<\/li>\n<li class=\"hp_rt_lightbox_facilities__list__item\" data-name-en=\"Hair Dryer\">H\u00e1r\u00feurrka<\/li>\n<li class=\"hp_rt_lightbox_facilities__list__item\" data-name-en=\"Desk\">Skrifbor\u00f0<\/li>\n<li class=\"hp_rt_lightbox_facilities__list__item\" data-name-en=\"Seating area\">Setusv\u00e6\u00f0i<\/li>\n<li class=\"hp_rt_lightbox_facilities__list__item\" data-name-en=\"Toilet\">Salerni<\/li>\n<li class=\"hp_rt_lightbox_facilities__list__item\" data-name-en=\"Bathroom\">S\u00e9r ba\u00f0herbergi<\/li>\n<li class=\"hp_rt_lightbox_facilities__list__item\" data-name-en=\"Heating\">Upphitun<\/li>\n<li class=\"hp_rt_lightbox_facilities__list__item\" data-name-en=\"Satellite Channels\">Gervihnattar\u00e1sir<\/li>\n<li class=\"hp_rt_lightbox_facilities__list__item\" data-name-en=\"Flat-screen TV\">Flatskj\u00e1r<\/li>\n<\/ul>\n<\/div>\n<div class=\"info hp-rt-lightbox-free-items hp-rt-lightbox-free-wifi\">\n<p data-name-en=\"wifi\">\u00d3keypis WiFi!<\/p>\n<\/div>\n<\/div>\n<p>[\/vc_column_text][\/vc_column][\/vc_row][vc_row css=&#8220;.vc_custom_1533042730340{margin-top: 100px !important;}&#8220;][vc_column]<style type=\"text\/css\" data-type=\"the7_shortcodes-inline-css\">.gallery-shortcode.gallery-masonry-shortcode-id-e37a536e6ecec69b9c778d7c09cad9ad figure,\n.gallery-shortcode.gallery-masonry-shortcode-id-e37a536e6ecec69b9c778d7c09cad9ad .rollover,\n.gallery-shortcode.gallery-masonry-shortcode-id-e37a536e6ecec69b9c778d7c09cad9ad img,\n.gallery-shortcode.gallery-masonry-shortcode-id-e37a536e6ecec69b9c778d7c09cad9ad .gallery-rollover {\n  border-radius: 0px;\n}\n.gallery-shortcode.gallery-masonry-shortcode-id-e37a536e6ecec69b9c778d7c09cad9ad.enable-bg-rollover .gallery-rollover {\n  background: -webkit-linear-gradient();\n  background: linear-gradient();\n}\n.gallery-shortcode.gallery-masonry-shortcode-id-e37a536e6ecec69b9c778d7c09cad9ad.enable-bg-rollover.hover-scale figure .rollover:after {\n  background: -webkit-linear-gradient();\n  background: linear-gradient();\n}\n.gallery-shortcode.gallery-masonry-shortcode-id-e37a536e6ecec69b9c778d7c09cad9ad .gallery-zoom-ico {\n  width: 44px;\n  height: 44px;\n  line-height: 44px;\n  border-radius: 100px;\n  margin: -22px 0 0 -22px;\n  border-width: 0px;\n  color: #ffffff;\n}\n.dt-icon-bg-on.gallery-shortcode.gallery-masonry-shortcode-id-e37a536e6ecec69b9c778d7c09cad9ad .gallery-zoom-ico {\n  background: rgba(255,255,255,0.3);\n  box-shadow: none;\n}\n.gallery-shortcode.gallery-masonry-shortcode-id-e37a536e6ecec69b9c778d7c09cad9ad .gallery-zoom-ico:before,\n.gallery-shortcode.gallery-masonry-shortcode-id-e37a536e6ecec69b9c778d7c09cad9ad .gallery-zoom-ico span {\n  font-size: 32px;\n  line-height: 44px;\n  color: #ffffff;\n}\n.gallery-shortcode.gallery-masonry-shortcode-id-e37a536e6ecec69b9c778d7c09cad9ad:not(.resize-by-browser-width) .dt-css-grid {\n  grid-row-gap: 10px;\n  grid-column-gap: 10px;\n  grid-template-columns: repeat(auto-fill,minmax(,1fr));\n}\n.gallery-shortcode.gallery-masonry-shortcode-id-e37a536e6ecec69b9c778d7c09cad9ad:not(.resize-by-browser-width) .dt-css-grid .double-width {\n  grid-column: span 2;\n}\n.cssgridlegacy.no-cssgrid .gallery-shortcode.gallery-masonry-shortcode-id-e37a536e6ecec69b9c778d7c09cad9ad:not(.resize-by-browser-width) .dt-css-grid,\n.no-cssgridlegacy.no-cssgrid .gallery-shortcode.gallery-masonry-shortcode-id-e37a536e6ecec69b9c778d7c09cad9ad:not(.resize-by-browser-width) .dt-css-grid {\n  display: flex;\n  flex-flow: row wrap;\n  margin: -5px;\n}\n.cssgridlegacy.no-cssgrid .gallery-shortcode.gallery-masonry-shortcode-id-e37a536e6ecec69b9c778d7c09cad9ad:not(.resize-by-browser-width) .dt-css-grid .wf-cell,\n.no-cssgridlegacy.no-cssgrid .gallery-shortcode.gallery-masonry-shortcode-id-e37a536e6ecec69b9c778d7c09cad9ad:not(.resize-by-browser-width) .dt-css-grid .wf-cell {\n  flex: 1 0 ;\n  max-width: 100%;\n  padding: 5px;\n  box-sizing: border-box;\n}\n.gallery-shortcode.gallery-masonry-shortcode-id-e37a536e6ecec69b9c778d7c09cad9ad.resize-by-browser-width .dt-css-grid {\n  grid-template-columns: repeat(3,1fr);\n  grid-template-rows: auto;\n  grid-column-gap: 10px;\n  grid-row-gap: 10px;\n}\n.gallery-shortcode.gallery-masonry-shortcode-id-e37a536e6ecec69b9c778d7c09cad9ad.resize-by-browser-width .dt-css-grid .double-width {\n  grid-column: span 2;\n}\n.cssgridlegacy.no-cssgrid .gallery-shortcode.gallery-masonry-shortcode-id-e37a536e6ecec69b9c778d7c09cad9ad.resize-by-browser-width .dt-css-grid {\n  margin: -5px;\n}\n.cssgridlegacy.no-cssgrid .gallery-shortcode.gallery-masonry-shortcode-id-e37a536e6ecec69b9c778d7c09cad9ad.resize-by-browser-width .dt-css-grid .wf-cell {\n  width: 33.333333333333%;\n  padding: 5px;\n}\n.cssgridlegacy.no-cssgrid .gallery-shortcode.gallery-masonry-shortcode-id-e37a536e6ecec69b9c778d7c09cad9ad.resize-by-browser-width .dt-css-grid .wf-cell.double-width {\n  width: calc(33.333333333333%) * 2;\n}\n.gallery-shortcode.gallery-masonry-shortcode-id-e37a536e6ecec69b9c778d7c09cad9ad.resize-by-browser-width:not(.centered-layout-list):not(.content-bg-on) .dt-css-grid {\n  grid-row-gap: 10px - ;\n}\n@media screen and (max-width: 1199px) {\n  .gallery-shortcode.gallery-masonry-shortcode-id-e37a536e6ecec69b9c778d7c09cad9ad.resize-by-browser-width .dt-css-grid {\n    grid-template-columns: repeat(3,1fr);\n  }\n  .cssgridlegacy.no-cssgrid .gallery-shortcode.gallery-masonry-shortcode-id-e37a536e6ecec69b9c778d7c09cad9ad.resize-by-browser-width .dt-css-grid .wf-cell,\n  .no-cssgridlegacy.no-cssgrid .gallery-shortcode.gallery-masonry-shortcode-id-e37a536e6ecec69b9c778d7c09cad9ad.resize-by-browser-width .dt-css-grid .wf-cell {\n    width: 33.333333333333%;\n  }\n  .cssgridlegacy.no-cssgrid .gallery-shortcode.gallery-masonry-shortcode-id-e37a536e6ecec69b9c778d7c09cad9ad.resize-by-browser-width .dt-css-grid .wf-cell.double-width,\n  .no-cssgridlegacy.no-cssgrid .gallery-shortcode.gallery-masonry-shortcode-id-e37a536e6ecec69b9c778d7c09cad9ad.resize-by-browser-width .dt-css-grid .wf-cell.double-width {\n    width: calc(33.333333333333%)*2;\n  }\n}\n@media screen and (max-width: 991px) {\n  .gallery-shortcode.gallery-masonry-shortcode-id-e37a536e6ecec69b9c778d7c09cad9ad.resize-by-browser-width .dt-css-grid {\n    grid-template-columns: repeat(2,1fr);\n  }\n  .cssgridlegacy.no-cssgrid .gallery-shortcode.gallery-masonry-shortcode-id-e37a536e6ecec69b9c778d7c09cad9ad.resize-by-browser-width .dt-css-grid .wf-cell,\n  .no-cssgridlegacy.no-cssgrid .gallery-shortcode.gallery-masonry-shortcode-id-e37a536e6ecec69b9c778d7c09cad9ad.resize-by-browser-width .dt-css-grid .wf-cell {\n    width: 50%;\n  }\n  .cssgridlegacy.no-cssgrid .gallery-shortcode.gallery-masonry-shortcode-id-e37a536e6ecec69b9c778d7c09cad9ad.resize-by-browser-width .dt-css-grid .wf-cell.double-width,\n  .no-cssgridlegacy.no-cssgrid .gallery-shortcode.gallery-masonry-shortcode-id-e37a536e6ecec69b9c778d7c09cad9ad.resize-by-browser-width .dt-css-grid .wf-cell.double-width {\n    width: calc(50%)*2;\n  }\n}\n@media screen and (max-width: 767px) {\n  .gallery-shortcode.gallery-masonry-shortcode-id-e37a536e6ecec69b9c778d7c09cad9ad.resize-by-browser-width .dt-css-grid {\n    grid-template-columns: repeat(2,1fr);\n  }\n  .cssgridlegacy.no-cssgrid .gallery-shortcode.gallery-masonry-shortcode-id-e37a536e6ecec69b9c778d7c09cad9ad.resize-by-browser-width .dt-css-grid .wf-cell,\n  .no-cssgridlegacy.no-cssgrid .gallery-shortcode.gallery-masonry-shortcode-id-e37a536e6ecec69b9c778d7c09cad9ad.resize-by-browser-width .dt-css-grid .wf-cell {\n    width: 50%;\n  }\n  .cssgridlegacy.no-cssgrid .gallery-shortcode.gallery-masonry-shortcode-id-e37a536e6ecec69b9c778d7c09cad9ad.resize-by-browser-width .dt-css-grid .wf-cell.double-width,\n  .no-cssgridlegacy.no-cssgrid .gallery-shortcode.gallery-masonry-shortcode-id-e37a536e6ecec69b9c778d7c09cad9ad.resize-by-browser-width .dt-css-grid .wf-cell.double-width {\n    width: calc(50%)*2;\n  }\n}<\/style><div class=\"gallery-shortcode dt-gallery-container gallery-masonry-shortcode-id-e37a536e6ecec69b9c778d7c09cad9ad mode-grid jquery-filter dt-icon-bg-off quick-scale-img dt-css-grid-wrap enable-bg-rollover resize-by-browser-width  hover-fade loading-effect-fade-in description-on-hover\" data-padding=\"5px\" data-cur-page=\"1\" data-post-limit=\"-1\" data-pagination-mode=\"none\" data-desktop-columns-num=\"3\" data-v-tablet-columns-num=\"2\" data-h-tablet-columns-num=\"3\" data-phone-columns-num=\"2\" data-width=\"0px\" data-columns=\"0\"><div class=\"dt-css-grid\" ><div class=\"wf-cell\" data-post-id=\"1320\" data-date=\"2020-02-27T16:25:30+00:00\" data-name=\"SAM_8831\"><figure class=\"post visible\"><a href=\"https:\/\/hotelvestmannaeyjar.is\/wp-content\/uploads\/2020\/02\/SAM_8831.jpg\" class=\"rollover dt-pswp-item layzr-bg\" data-large_image_width=\"1365\" data-large_image_height=\"2048\" data-dt-img-description=\"\" title=\"SAM_8831\"><img fetchpriority=\"high\" decoding=\"async\" class=\"preload-me iso-lazy-load aspect\" src=\"data:image\/svg+xml,%3Csvg%20xmlns%3D&#39;http%3A%2F%2Fwww.w3.org%2F2000%2Fsvg&#39;%20viewBox%3D&#39;0%200%20490%20490&#39;%2F%3E\" data-src=\"https:\/\/hotelvestmannaeyjar.is\/wp-content\/uploads\/2020\/02\/SAM_8831-490x490.jpg\" data-srcset=\"https:\/\/hotelvestmannaeyjar.is\/wp-content\/uploads\/2020\/02\/SAM_8831-490x490.jpg 490w, https:\/\/hotelvestmannaeyjar.is\/wp-content\/uploads\/2020\/02\/SAM_8831-735x735.jpg 735w\" loading=\"eager\" style=\"--ratio: 490 \/ 490\" sizes=\"(max-width: 490px) 100vw, 490px\" alt=\"\" width=\"490\" height=\"490\"  \/><span class=\"gallery-rollover\"><span class=\"gallery-zoom-ico icomoon-the7-font-the7-zoom-06\"><span><\/span><\/span><\/span><\/a><\/figure><\/div><div class=\"wf-cell\" data-post-id=\"1321\" data-date=\"2020-02-27T16:25:32+00:00\" data-name=\"SAM_8876\"><figure class=\"post visible\"><a href=\"https:\/\/hotelvestmannaeyjar.is\/wp-content\/uploads\/2020\/02\/SAM_8876.jpg\" class=\"rollover dt-pswp-item layzr-bg\" data-large_image_width=\"1486\" data-large_image_height=\"2048\" data-dt-img-description=\"\" title=\"SAM_8876\"><img decoding=\"async\" class=\"preload-me iso-lazy-load aspect\" src=\"data:image\/svg+xml,%3Csvg%20xmlns%3D&#39;http%3A%2F%2Fwww.w3.org%2F2000%2Fsvg&#39;%20viewBox%3D&#39;0%200%20490%20490&#39;%2F%3E\" data-src=\"https:\/\/hotelvestmannaeyjar.is\/wp-content\/uploads\/2020\/02\/SAM_8876-490x490.jpg\" data-srcset=\"https:\/\/hotelvestmannaeyjar.is\/wp-content\/uploads\/2020\/02\/SAM_8876-490x490.jpg 490w, https:\/\/hotelvestmannaeyjar.is\/wp-content\/uploads\/2020\/02\/SAM_8876-735x735.jpg 735w\" loading=\"eager\" style=\"--ratio: 490 \/ 490\" sizes=\"(max-width: 490px) 100vw, 490px\" alt=\"\" width=\"490\" height=\"490\"  \/><span class=\"gallery-rollover\"><span class=\"gallery-zoom-ico icomoon-the7-font-the7-zoom-06\"><span><\/span><\/span><\/span><\/a><\/figure><\/div><div class=\"wf-cell\" data-post-id=\"1322\" data-date=\"2020-02-27T16:25:33+00:00\" data-name=\"SAM_8883\"><figure class=\"post visible\"><a href=\"https:\/\/hotelvestmannaeyjar.is\/wp-content\/uploads\/2020\/02\/SAM_8883.jpg\" class=\"rollover dt-pswp-item layzr-bg\" data-large_image_width=\"1365\" data-large_image_height=\"2048\" data-dt-img-description=\"\" title=\"SAM_8883\"><img decoding=\"async\" class=\"preload-me iso-lazy-load aspect\" src=\"data:image\/svg+xml,%3Csvg%20xmlns%3D&#39;http%3A%2F%2Fwww.w3.org%2F2000%2Fsvg&#39;%20viewBox%3D&#39;0%200%20490%20490&#39;%2F%3E\" data-src=\"https:\/\/hotelvestmannaeyjar.is\/wp-content\/uploads\/2020\/02\/SAM_8883-490x490.jpg\" data-srcset=\"https:\/\/hotelvestmannaeyjar.is\/wp-content\/uploads\/2020\/02\/SAM_8883-490x490.jpg 490w, https:\/\/hotelvestmannaeyjar.is\/wp-content\/uploads\/2020\/02\/SAM_8883-735x735.jpg 735w\" loading=\"eager\" style=\"--ratio: 490 \/ 490\" sizes=\"(max-width: 490px) 100vw, 490px\" alt=\"\" width=\"490\" height=\"490\"  \/><span class=\"gallery-rollover\"><span class=\"gallery-zoom-ico icomoon-the7-font-the7-zoom-06\"><span><\/span><\/span><\/span><\/a><\/figure><\/div><\/div><!-- iso-container|iso-grid --><\/div>[\/vc_column][\/vc_row]<\/p>\n<\/div>","protected":false},"excerpt":{"rendered":"<p>[vc_row][vc_column width=&#8220;1\/2&#8243;][vc_single_image image=&#8220;1321&#8243; img_size=&#8220;large&#8220; css=&#8220;&#8220;][\/vc_column][vc_column width=&#8220;1\/2&#8243;][vc_column_text] Herbergisst\u00e6r\u00f0 25 m\u00b2 \u00deessi herbergi bj\u00f3\u00f0a upp \u00e1 aukar\u00fdmi, setusv\u00e6\u00f0i, sj\u00f3nvarp og s\u00e9rba\u00f0herbergi. Herbergisa\u00f0sta\u00f0a: Sturta S\u00edmi H\u00e1r\u00feurrka Skrifbor\u00f0 Setusv\u00e6\u00f0i Salerni S\u00e9r ba\u00f0herbergi Upphitun Gervihnattar\u00e1sir Flatskj\u00e1r \u00d3keypis WiFi! [\/vc_column_text][\/vc_column][\/vc_row][vc_row css=&#8220;.vc_custom_1533042730340{margin-top: 100px !important;}&#8220;][vc_column][\/vc_column][\/vc_row]<\/p>\n","protected":false},"author":2,"featured_media":0,"parent":1403,"menu_order":0,"comment_status":"closed","ping_status":"closed","template":"template-microsite.php","meta":{"_monsterinsights_skip_tracking":false,"_monsterinsights_sitenote_active":false,"_monsterinsights_sitenote_note":"","_monsterinsights_sitenote_category":0,"footnotes":""},"class_list":["post-1372","page","type-page","status-publish","hentry","description-off"],"yoast_head":"<!-- This site is optimized with the Yoast SEO plugin v27.4 - https:\/\/yoast.com\/product\/yoast-seo-wordpress\/ -->\n<title>Deluxe hj\u00f3naherbergi - H\u00f3tel Vestmannaeyjar<\/title>\n<meta name=\"robots\" content=\"index, follow, max-snippet:-1, max-image-preview:large, max-video-preview:-1\" \/>\n<link rel=\"canonical\" href=\"https:\/\/hotelvestmannaeyjar.is\/is\/eiginleikar\/deluxe-hjonaherbergi\/\" \/>\n<meta property=\"og:locale\" content=\"is_IS\" \/>\n<meta property=\"og:type\" content=\"article\" \/>\n<meta property=\"og:title\" content=\"Deluxe hj\u00f3naherbergi - H\u00f3tel Vestmannaeyjar\" \/>\n<meta property=\"og:description\" content=\"[vc_row][vc_column width=&#8220;1\/2&#8243;][vc_single_image image=&#8220;1321&#8243; img_size=&#8220;large&#8220; css=&#8220;&#8220;][\/vc_column][vc_column width=&#8220;1\/2&#8243;][vc_column_text] Herbergisst\u00e6r\u00f0 25 m\u00b2 \u00deessi herbergi bj\u00f3\u00f0a upp \u00e1 aukar\u00fdmi, setusv\u00e6\u00f0i, sj\u00f3nvarp og s\u00e9rba\u00f0herbergi. Herbergisa\u00f0sta\u00f0a: Sturta S\u00edmi H\u00e1r\u00feurrka Skrifbor\u00f0 Setusv\u00e6\u00f0i Salerni S\u00e9r ba\u00f0herbergi Upphitun Gervihnattar\u00e1sir Flatskj\u00e1r \u00d3keypis WiFi! [\/vc_column_text][\/vc_column][\/vc_row][vc_row css=&#8220;.vc_custom_1533042730340{margin-top: 100px !important;}&#8220;][vc_column][\/vc_column][\/vc_row]\" \/>\n<meta property=\"og:url\" content=\"https:\/\/hotelvestmannaeyjar.is\/is\/eiginleikar\/deluxe-hjonaherbergi\/\" \/>\n<meta property=\"og:site_name\" content=\"H\u00f3tel Vestmannaeyjar\" \/>\n<meta property=\"article:publisher\" content=\"https:\/\/www.facebook.com\/HotelVestmannaeyjar\/\" \/>\n<meta property=\"article:modified_time\" content=\"2024-08-16T11:23:52+00:00\" \/>\n<meta property=\"og:image\" content=\"https:\/\/hotelvestmannaeyjar.is\/wp-content\/uploads\/2018\/07\/Hotel-double-room-5.jpg\" \/>\n\t<meta property=\"og:image:width\" content=\"2048\" \/>\n\t<meta property=\"og:image:height\" content=\"1396\" \/>\n\t<meta property=\"og:image:type\" content=\"image\/jpeg\" \/>\n<meta name=\"twitter:card\" content=\"summary_large_image\" \/>\n<meta name=\"twitter:label1\" content=\"Est. reading time\" \/>\n\t<meta name=\"twitter:data1\" content=\"1 minute\" \/>\n<script type=\"application\/ld+json\" class=\"yoast-schema-graph\">{\"@context\":\"https:\\\/\\\/schema.org\",\"@graph\":[{\"@type\":\"WebPage\",\"@id\":\"https:\\\/\\\/hotelvestmannaeyjar.is\\\/is\\\/eiginleikar\\\/deluxe-hjonaherbergi\\\/\",\"url\":\"https:\\\/\\\/hotelvestmannaeyjar.is\\\/is\\\/eiginleikar\\\/deluxe-hjonaherbergi\\\/\",\"name\":\"Deluxe hj\u00f3naherbergi - H\u00f3tel Vestmannaeyjar\",\"isPartOf\":{\"@id\":\"https:\\\/\\\/hotelvestmannaeyjar.is\\\/is\\\/#website\"},\"datePublished\":\"2018-11-06T18:01:47+00:00\",\"dateModified\":\"2024-08-16T11:23:52+00:00\",\"breadcrumb\":{\"@id\":\"https:\\\/\\\/hotelvestmannaeyjar.is\\\/is\\\/eiginleikar\\\/deluxe-hjonaherbergi\\\/#breadcrumb\"},\"inLanguage\":\"is\",\"potentialAction\":[{\"@type\":\"ReadAction\",\"target\":[\"https:\\\/\\\/hotelvestmannaeyjar.is\\\/is\\\/eiginleikar\\\/deluxe-hjonaherbergi\\\/\"]}]},{\"@type\":\"BreadcrumbList\",\"@id\":\"https:\\\/\\\/hotelvestmannaeyjar.is\\\/is\\\/eiginleikar\\\/deluxe-hjonaherbergi\\\/#breadcrumb\",\"itemListElement\":[{\"@type\":\"ListItem\",\"position\":1,\"name\":\"Home\",\"item\":\"https:\\\/\\\/hotelvestmannaeyjar.is\\\/is\\\/\"},{\"@type\":\"ListItem\",\"position\":2,\"name\":\"Eiginleikar\",\"item\":\"https:\\\/\\\/hotelvestmannaeyjar.is\\\/is\\\/eiginleikar\\\/\"},{\"@type\":\"ListItem\",\"position\":3,\"name\":\"Deluxe hj\u00f3naherbergi\"}]},{\"@type\":\"WebSite\",\"@id\":\"https:\\\/\\\/hotelvestmannaeyjar.is\\\/is\\\/#website\",\"url\":\"https:\\\/\\\/hotelvestmannaeyjar.is\\\/is\\\/\",\"name\":\"H\u00f3tel Vestmannaeyjar\",\"description\":\"Accommodation in the heart of Vestmannaeyjar - Westman islands\",\"publisher\":{\"@id\":\"https:\\\/\\\/hotelvestmannaeyjar.is\\\/is\\\/#organization\"},\"potentialAction\":[{\"@type\":\"SearchAction\",\"target\":{\"@type\":\"EntryPoint\",\"urlTemplate\":\"https:\\\/\\\/hotelvestmannaeyjar.is\\\/is\\\/?s={search_term_string}\"},\"query-input\":{\"@type\":\"PropertyValueSpecification\",\"valueRequired\":true,\"valueName\":\"search_term_string\"}}],\"inLanguage\":\"is\"},{\"@type\":\"Organization\",\"@id\":\"https:\\\/\\\/hotelvestmannaeyjar.is\\\/is\\\/#organization\",\"name\":\"H\u00f3tel Vestmannaeyjar\",\"url\":\"https:\\\/\\\/hotelvestmannaeyjar.is\\\/is\\\/\",\"logo\":{\"@type\":\"ImageObject\",\"inLanguage\":\"is\",\"@id\":\"https:\\\/\\\/hotelvestmannaeyjar.is\\\/is\\\/#\\\/schema\\\/logo\\\/image\\\/\",\"url\":\"https:\\\/\\\/5910d8f44c.nxcli.io\\\/wp-content\\\/uploads\\\/2018\\\/07\\\/hotel-vestmannaeyjar-logo.png\",\"contentUrl\":\"https:\\\/\\\/5910d8f44c.nxcli.io\\\/wp-content\\\/uploads\\\/2018\\\/07\\\/hotel-vestmannaeyjar-logo.png\",\"width\":506,\"height\":260,\"caption\":\"H\u00f3tel Vestmannaeyjar\"},\"image\":{\"@id\":\"https:\\\/\\\/hotelvestmannaeyjar.is\\\/is\\\/#\\\/schema\\\/logo\\\/image\\\/\"},\"sameAs\":[\"https:\\\/\\\/www.facebook.com\\\/HotelVestmannaeyjar\\\/\",\"https:\\\/\\\/www.instagram.com\\\/hotelvestmannaeyjar\\\/\"]}]}<\/script>\n<!-- \/ Yoast SEO plugin. -->","yoast_head_json":{"title":"Deluxe hj\u00f3naherbergi - H\u00f3tel Vestmannaeyjar","robots":{"index":"index","follow":"follow","max-snippet":"max-snippet:-1","max-image-preview":"max-image-preview:large","max-video-preview":"max-video-preview:-1"},"canonical":"https:\/\/hotelvestmannaeyjar.is\/is\/eiginleikar\/deluxe-hjonaherbergi\/","og_locale":"is_IS","og_type":"article","og_title":"Deluxe hj\u00f3naherbergi - H\u00f3tel Vestmannaeyjar","og_description":"[vc_row][vc_column width=&#8220;1\/2&#8243;][vc_single_image image=&#8220;1321&#8243; img_size=&#8220;large&#8220; css=&#8220;&#8220;][\/vc_column][vc_column width=&#8220;1\/2&#8243;][vc_column_text] Herbergisst\u00e6r\u00f0 25 m\u00b2 \u00deessi herbergi bj\u00f3\u00f0a upp \u00e1 aukar\u00fdmi, setusv\u00e6\u00f0i, sj\u00f3nvarp og s\u00e9rba\u00f0herbergi. Herbergisa\u00f0sta\u00f0a: Sturta S\u00edmi H\u00e1r\u00feurrka Skrifbor\u00f0 Setusv\u00e6\u00f0i Salerni S\u00e9r ba\u00f0herbergi Upphitun Gervihnattar\u00e1sir Flatskj\u00e1r \u00d3keypis WiFi! [\/vc_column_text][\/vc_column][\/vc_row][vc_row css=&#8220;.vc_custom_1533042730340{margin-top: 100px !important;}&#8220;][vc_column][\/vc_column][\/vc_row]","og_url":"https:\/\/hotelvestmannaeyjar.is\/is\/eiginleikar\/deluxe-hjonaherbergi\/","og_site_name":"H\u00f3tel Vestmannaeyjar","article_publisher":"https:\/\/www.facebook.com\/HotelVestmannaeyjar\/","article_modified_time":"2024-08-16T11:23:52+00:00","og_image":[{"width":2048,"height":1396,"url":"https:\/\/hotelvestmannaeyjar.is\/wp-content\/uploads\/2018\/07\/Hotel-double-room-5.jpg","type":"image\/jpeg"}],"twitter_card":"summary_large_image","twitter_misc":{"Est. reading time":"1 minute"},"schema":{"@context":"https:\/\/schema.org","@graph":[{"@type":"WebPage","@id":"https:\/\/hotelvestmannaeyjar.is\/is\/eiginleikar\/deluxe-hjonaherbergi\/","url":"https:\/\/hotelvestmannaeyjar.is\/is\/eiginleikar\/deluxe-hjonaherbergi\/","name":"Deluxe hj\u00f3naherbergi - H\u00f3tel Vestmannaeyjar","isPartOf":{"@id":"https:\/\/hotelvestmannaeyjar.is\/is\/#website"},"datePublished":"2018-11-06T18:01:47+00:00","dateModified":"2024-08-16T11:23:52+00:00","breadcrumb":{"@id":"https:\/\/hotelvestmannaeyjar.is\/is\/eiginleikar\/deluxe-hjonaherbergi\/#breadcrumb"},"inLanguage":"is","potentialAction":[{"@type":"ReadAction","target":["https:\/\/hotelvestmannaeyjar.is\/is\/eiginleikar\/deluxe-hjonaherbergi\/"]}]},{"@type":"BreadcrumbList","@id":"https:\/\/hotelvestmannaeyjar.is\/is\/eiginleikar\/deluxe-hjonaherbergi\/#breadcrumb","itemListElement":[{"@type":"ListItem","position":1,"name":"Home","item":"https:\/\/hotelvestmannaeyjar.is\/is\/"},{"@type":"ListItem","position":2,"name":"Eiginleikar","item":"https:\/\/hotelvestmannaeyjar.is\/is\/eiginleikar\/"},{"@type":"ListItem","position":3,"name":"Deluxe hj\u00f3naherbergi"}]},{"@type":"WebSite","@id":"https:\/\/hotelvestmannaeyjar.is\/is\/#website","url":"https:\/\/hotelvestmannaeyjar.is\/is\/","name":"H\u00f3tel Vestmannaeyjar","description":"Accommodation in the heart of Vestmannaeyjar - Westman islands","publisher":{"@id":"https:\/\/hotelvestmannaeyjar.is\/is\/#organization"},"potentialAction":[{"@type":"SearchAction","target":{"@type":"EntryPoint","urlTemplate":"https:\/\/hotelvestmannaeyjar.is\/is\/?s={search_term_string}"},"query-input":{"@type":"PropertyValueSpecification","valueRequired":true,"valueName":"search_term_string"}}],"inLanguage":"is"},{"@type":"Organization","@id":"https:\/\/hotelvestmannaeyjar.is\/is\/#organization","name":"H\u00f3tel Vestmannaeyjar","url":"https:\/\/hotelvestmannaeyjar.is\/is\/","logo":{"@type":"ImageObject","inLanguage":"is","@id":"https:\/\/hotelvestmannaeyjar.is\/is\/#\/schema\/logo\/image\/","url":"https:\/\/5910d8f44c.nxcli.io\/wp-content\/uploads\/2018\/07\/hotel-vestmannaeyjar-logo.png","contentUrl":"https:\/\/5910d8f44c.nxcli.io\/wp-content\/uploads\/2018\/07\/hotel-vestmannaeyjar-logo.png","width":506,"height":260,"caption":"H\u00f3tel Vestmannaeyjar"},"image":{"@id":"https:\/\/hotelvestmannaeyjar.is\/is\/#\/schema\/logo\/image\/"},"sameAs":["https:\/\/www.facebook.com\/HotelVestmannaeyjar\/","https:\/\/www.instagram.com\/hotelvestmannaeyjar\/"]}]}},"_links":{"self":[{"href":"https:\/\/hotelvestmannaeyjar.is\/is\/wp-json\/wp\/v2\/pages\/1372","targetHints":{"allow":["GET"]}}],"collection":[{"href":"https:\/\/hotelvestmannaeyjar.is\/is\/wp-json\/wp\/v2\/pages"}],"about":[{"href":"https:\/\/hotelvestmannaeyjar.is\/is\/wp-json\/wp\/v2\/types\/page"}],"author":[{"embeddable":true,"href":"https:\/\/hotelvestmannaeyjar.is\/is\/wp-json\/wp\/v2\/users\/2"}],"replies":[{"embeddable":true,"href":"https:\/\/hotelvestmannaeyjar.is\/is\/wp-json\/wp\/v2\/comments?post=1372"}],"version-history":[{"count":4,"href":"https:\/\/hotelvestmannaeyjar.is\/is\/wp-json\/wp\/v2\/pages\/1372\/revisions"}],"predecessor-version":[{"id":1567,"href":"https:\/\/hotelvestmannaeyjar.is\/is\/wp-json\/wp\/v2\/pages\/1372\/revisions\/1567"}],"up":[{"embeddable":true,"href":"https:\/\/hotelvestmannaeyjar.is\/is\/wp-json\/wp\/v2\/pages\/1403"}],"wp:attachment":[{"href":"https:\/\/hotelvestmannaeyjar.is\/is\/wp-json\/wp\/v2\/media?parent=1372"}],"curies":[{"name":"wp","href":"https:\/\/api.w.org\/{rel}","templated":true}]}}