{"id":1374,"date":"2018-11-06T17:56:51","date_gmt":"2018-11-06T17:56:51","guid":{"rendered":"https:\/\/hotelvestmannaeyjar.is\/eins-manns-herbergi\/"},"modified":"2024-08-16T11:22:48","modified_gmt":"2024-08-16T11:22:48","slug":"eins-manns-herbergi","status":"publish","type":"page","link":"https:\/\/hotelvestmannaeyjar.is\/is\/eiginleikar\/eins-manns-herbergi\/","title":{"rendered":"Eins manns herbergi"},"content":{"rendered":"<div class=\"wpb-content-wrapper\"><p>[vc_row][vc_column width=&#8220;1\/2&#8243;][vc_single_image image=&#8220;1508&#8243; img_size=&#8220;large&#8220; css=&#8220;&#8220;][\/vc_column][vc_column width=&#8220;1\/2&#8243;][vc_column_text]<\/p>\n<div class=\"info\" data-name-en=\"roomsize\"><strong>Herbergisst\u00e6r\u00f0<\/strong> 11 m\u00b2<\/div>\n<p class=\" js_hp_rt_lightbox_room_desc \">\u00deetta herbergi er sta\u00f0sett \u00ed eldri hluta h\u00f3telsins. \u00dea\u00f0 er me\u00f0 skrifbor\u00f0i, flatskj\u00e1sj\u00f3nvarpi og s\u00e9rba\u00f0herbergi me\u00f0 sturtu.<\/p>\n<div>\n<p class=\"hp_rt_lightbox_facilities__title\"><strong>Herbergisa\u00f0sta\u00f0a:<\/strong><\/p>\n<ul>\n<li>Sturta<\/li>\n<li>S\u00edmi<\/li>\n<li>H\u00e1r\u00feurrka<\/li>\n<li>\u00datvarp<\/li>\n<li>Skrifbor\u00f0<\/li>\n<li>Salerni<\/li>\n<li>S\u00e9r ba\u00f0herbergi<\/li>\n<li>Upphitun<\/li>\n<li>Gervihnattar\u00e1sir<\/li>\n<li>Flatskj\u00e1r<\/li>\n<\/ul>\n<\/div>\n<div class=\"info hp-rt-lightbox-free-items hp-rt-lightbox-free-wifi\">\n<p data-name-en=\"wifi\">\u00d3keypis WiFi!<\/p>\n<\/div>\n<p>[\/vc_column_text][\/vc_column][\/vc_row]<\/p>\n<\/div>","protected":false},"excerpt":{"rendered":"<p>[vc_row][vc_column width=&#8220;1\/2&#8243;][vc_single_image image=&#8220;1508&#8243; img_size=&#8220;large&#8220; css=&#8220;&#8220;][\/vc_column][vc_column width=&#8220;1\/2&#8243;][vc_column_text] Herbergisst\u00e6r\u00f0 11 m\u00b2 \u00deetta herbergi er sta\u00f0sett \u00ed eldri hluta h\u00f3telsins. \u00dea\u00f0 er me\u00f0 skrifbor\u00f0i, flatskj\u00e1sj\u00f3nvarpi og s\u00e9rba\u00f0herbergi me\u00f0 sturtu. Herbergisa\u00f0sta\u00f0a: Sturta S\u00edmi H\u00e1r\u00feurrka \u00datvarp Skrifbor\u00f0 Salerni S\u00e9r ba\u00f0herbergi Upphitun Gervihnattar\u00e1sir Flatskj\u00e1r \u00d3keypis WiFi! [\/vc_column_text][\/vc_column][\/vc_row]<\/p>\n","protected":false},"author":2,"featured_media":0,"parent":1403,"menu_order":0,"comment_status":"closed","ping_status":"closed","template":"template-microsite.php","meta":{"_monsterinsights_skip_tracking":false,"_monsterinsights_sitenote_active":false,"_monsterinsights_sitenote_note":"","_monsterinsights_sitenote_category":0,"footnotes":""},"class_list":["post-1374","page","type-page","status-publish","hentry","description-off"],"yoast_head":"<!-- This site is optimized with the Yoast SEO plugin v27.4 - https:\/\/yoast.com\/product\/yoast-seo-wordpress\/ -->\n<title>Eins manns herbergi - H\u00f3tel Vestmannaeyjar<\/title>\n<meta name=\"robots\" content=\"index, follow, max-snippet:-1, max-image-preview:large, max-video-preview:-1\" \/>\n<link rel=\"canonical\" href=\"https:\/\/hotelvestmannaeyjar.is\/is\/eiginleikar\/eins-manns-herbergi\/\" \/>\n<meta property=\"og:locale\" content=\"is_IS\" \/>\n<meta property=\"og:type\" content=\"article\" \/>\n<meta property=\"og:title\" content=\"Eins manns herbergi - H\u00f3tel Vestmannaeyjar\" \/>\n<meta property=\"og:description\" content=\"[vc_row][vc_column width=&#8220;1\/2&#8243;][vc_single_image image=&#8220;1508&#8243; img_size=&#8220;large&#8220; css=&#8220;&#8220;][\/vc_column][vc_column width=&#8220;1\/2&#8243;][vc_column_text] Herbergisst\u00e6r\u00f0 11 m\u00b2 \u00deetta herbergi er sta\u00f0sett \u00ed eldri hluta h\u00f3telsins. \u00dea\u00f0 er me\u00f0 skrifbor\u00f0i, flatskj\u00e1sj\u00f3nvarpi og s\u00e9rba\u00f0herbergi me\u00f0 sturtu. Herbergisa\u00f0sta\u00f0a: Sturta S\u00edmi H\u00e1r\u00feurrka \u00datvarp Skrifbor\u00f0 Salerni S\u00e9r ba\u00f0herbergi Upphitun Gervihnattar\u00e1sir Flatskj\u00e1r \u00d3keypis WiFi! [\/vc_column_text][\/vc_column][\/vc_row]\" \/>\n<meta property=\"og:url\" content=\"https:\/\/hotelvestmannaeyjar.is\/is\/eiginleikar\/eins-manns-herbergi\/\" \/>\n<meta property=\"og:site_name\" content=\"H\u00f3tel Vestmannaeyjar\" \/>\n<meta property=\"article:publisher\" content=\"https:\/\/www.facebook.com\/HotelVestmannaeyjar\/\" \/>\n<meta property=\"article:modified_time\" content=\"2024-08-16T11:22:48+00:00\" \/>\n<meta property=\"og:image\" content=\"https:\/\/hotelvestmannaeyjar.is\/wp-content\/uploads\/2018\/07\/Hotel-double-room-5.jpg\" \/>\n\t<meta property=\"og:image:width\" content=\"2048\" \/>\n\t<meta property=\"og:image:height\" content=\"1396\" \/>\n\t<meta property=\"og:image:type\" content=\"image\/jpeg\" \/>\n<meta name=\"twitter:card\" content=\"summary_large_image\" \/>\n<script type=\"application\/ld+json\" class=\"yoast-schema-graph\">{\"@context\":\"https:\\\/\\\/schema.org\",\"@graph\":[{\"@type\":\"WebPage\",\"@id\":\"https:\\\/\\\/hotelvestmannaeyjar.is\\\/is\\\/eiginleikar\\\/eins-manns-herbergi\\\/\",\"url\":\"https:\\\/\\\/hotelvestmannaeyjar.is\\\/is\\\/eiginleikar\\\/eins-manns-herbergi\\\/\",\"name\":\"Eins manns herbergi - H\u00f3tel Vestmannaeyjar\",\"isPartOf\":{\"@id\":\"https:\\\/\\\/hotelvestmannaeyjar.is\\\/is\\\/#website\"},\"datePublished\":\"2018-11-06T17:56:51+00:00\",\"dateModified\":\"2024-08-16T11:22:48+00:00\",\"breadcrumb\":{\"@id\":\"https:\\\/\\\/hotelvestmannaeyjar.is\\\/is\\\/eiginleikar\\\/eins-manns-herbergi\\\/#breadcrumb\"},\"inLanguage\":\"is\",\"potentialAction\":[{\"@type\":\"ReadAction\",\"target\":[\"https:\\\/\\\/hotelvestmannaeyjar.is\\\/is\\\/eiginleikar\\\/eins-manns-herbergi\\\/\"]}]},{\"@type\":\"BreadcrumbList\",\"@id\":\"https:\\\/\\\/hotelvestmannaeyjar.is\\\/is\\\/eiginleikar\\\/eins-manns-herbergi\\\/#breadcrumb\",\"itemListElement\":[{\"@type\":\"ListItem\",\"position\":1,\"name\":\"Home\",\"item\":\"https:\\\/\\\/hotelvestmannaeyjar.is\\\/is\\\/\"},{\"@type\":\"ListItem\",\"position\":2,\"name\":\"Eiginleikar\",\"item\":\"https:\\\/\\\/hotelvestmannaeyjar.is\\\/is\\\/eiginleikar\\\/\"},{\"@type\":\"ListItem\",\"position\":3,\"name\":\"Eins manns herbergi\"}]},{\"@type\":\"WebSite\",\"@id\":\"https:\\\/\\\/hotelvestmannaeyjar.is\\\/is\\\/#website\",\"url\":\"https:\\\/\\\/hotelvestmannaeyjar.is\\\/is\\\/\",\"name\":\"H\u00f3tel Vestmannaeyjar\",\"description\":\"Accommodation in the heart of Vestmannaeyjar - Westman islands\",\"publisher\":{\"@id\":\"https:\\\/\\\/hotelvestmannaeyjar.is\\\/is\\\/#organization\"},\"potentialAction\":[{\"@type\":\"SearchAction\",\"target\":{\"@type\":\"EntryPoint\",\"urlTemplate\":\"https:\\\/\\\/hotelvestmannaeyjar.is\\\/is\\\/?s={search_term_string}\"},\"query-input\":{\"@type\":\"PropertyValueSpecification\",\"valueRequired\":true,\"valueName\":\"search_term_string\"}}],\"inLanguage\":\"is\"},{\"@type\":\"Organization\",\"@id\":\"https:\\\/\\\/hotelvestmannaeyjar.is\\\/is\\\/#organization\",\"name\":\"H\u00f3tel Vestmannaeyjar\",\"url\":\"https:\\\/\\\/hotelvestmannaeyjar.is\\\/is\\\/\",\"logo\":{\"@type\":\"ImageObject\",\"inLanguage\":\"is\",\"@id\":\"https:\\\/\\\/hotelvestmannaeyjar.is\\\/is\\\/#\\\/schema\\\/logo\\\/image\\\/\",\"url\":\"https:\\\/\\\/5910d8f44c.nxcli.io\\\/wp-content\\\/uploads\\\/2018\\\/07\\\/hotel-vestmannaeyjar-logo.png\",\"contentUrl\":\"https:\\\/\\\/5910d8f44c.nxcli.io\\\/wp-content\\\/uploads\\\/2018\\\/07\\\/hotel-vestmannaeyjar-logo.png\",\"width\":506,\"height\":260,\"caption\":\"H\u00f3tel Vestmannaeyjar\"},\"image\":{\"@id\":\"https:\\\/\\\/hotelvestmannaeyjar.is\\\/is\\\/#\\\/schema\\\/logo\\\/image\\\/\"},\"sameAs\":[\"https:\\\/\\\/www.facebook.com\\\/HotelVestmannaeyjar\\\/\",\"https:\\\/\\\/www.instagram.com\\\/hotelvestmannaeyjar\\\/\"]}]}<\/script>\n<!-- \/ Yoast SEO plugin. -->","yoast_head_json":{"title":"Eins manns herbergi - H\u00f3tel Vestmannaeyjar","robots":{"index":"index","follow":"follow","max-snippet":"max-snippet:-1","max-image-preview":"max-image-preview:large","max-video-preview":"max-video-preview:-1"},"canonical":"https:\/\/hotelvestmannaeyjar.is\/is\/eiginleikar\/eins-manns-herbergi\/","og_locale":"is_IS","og_type":"article","og_title":"Eins manns herbergi - H\u00f3tel Vestmannaeyjar","og_description":"[vc_row][vc_column width=&#8220;1\/2&#8243;][vc_single_image image=&#8220;1508&#8243; img_size=&#8220;large&#8220; css=&#8220;&#8220;][\/vc_column][vc_column width=&#8220;1\/2&#8243;][vc_column_text] Herbergisst\u00e6r\u00f0 11 m\u00b2 \u00deetta herbergi er sta\u00f0sett \u00ed eldri hluta h\u00f3telsins. \u00dea\u00f0 er me\u00f0 skrifbor\u00f0i, flatskj\u00e1sj\u00f3nvarpi og s\u00e9rba\u00f0herbergi me\u00f0 sturtu. Herbergisa\u00f0sta\u00f0a: Sturta S\u00edmi H\u00e1r\u00feurrka \u00datvarp Skrifbor\u00f0 Salerni S\u00e9r ba\u00f0herbergi Upphitun Gervihnattar\u00e1sir Flatskj\u00e1r \u00d3keypis WiFi! [\/vc_column_text][\/vc_column][\/vc_row]","og_url":"https:\/\/hotelvestmannaeyjar.is\/is\/eiginleikar\/eins-manns-herbergi\/","og_site_name":"H\u00f3tel Vestmannaeyjar","article_publisher":"https:\/\/www.facebook.com\/HotelVestmannaeyjar\/","article_modified_time":"2024-08-16T11:22:48+00:00","og_image":[{"width":2048,"height":1396,"url":"https:\/\/hotelvestmannaeyjar.is\/wp-content\/uploads\/2018\/07\/Hotel-double-room-5.jpg","type":"image\/jpeg"}],"twitter_card":"summary_large_image","schema":{"@context":"https:\/\/schema.org","@graph":[{"@type":"WebPage","@id":"https:\/\/hotelvestmannaeyjar.is\/is\/eiginleikar\/eins-manns-herbergi\/","url":"https:\/\/hotelvestmannaeyjar.is\/is\/eiginleikar\/eins-manns-herbergi\/","name":"Eins manns herbergi - H\u00f3tel Vestmannaeyjar","isPartOf":{"@id":"https:\/\/hotelvestmannaeyjar.is\/is\/#website"},"datePublished":"2018-11-06T17:56:51+00:00","dateModified":"2024-08-16T11:22:48+00:00","breadcrumb":{"@id":"https:\/\/hotelvestmannaeyjar.is\/is\/eiginleikar\/eins-manns-herbergi\/#breadcrumb"},"inLanguage":"is","potentialAction":[{"@type":"ReadAction","target":["https:\/\/hotelvestmannaeyjar.is\/is\/eiginleikar\/eins-manns-herbergi\/"]}]},{"@type":"BreadcrumbList","@id":"https:\/\/hotelvestmannaeyjar.is\/is\/eiginleikar\/eins-manns-herbergi\/#breadcrumb","itemListElement":[{"@type":"ListItem","position":1,"name":"Home","item":"https:\/\/hotelvestmannaeyjar.is\/is\/"},{"@type":"ListItem","position":2,"name":"Eiginleikar","item":"https:\/\/hotelvestmannaeyjar.is\/is\/eiginleikar\/"},{"@type":"ListItem","position":3,"name":"Eins manns herbergi"}]},{"@type":"WebSite","@id":"https:\/\/hotelvestmannaeyjar.is\/is\/#website","url":"https:\/\/hotelvestmannaeyjar.is\/is\/","name":"H\u00f3tel Vestmannaeyjar","description":"Accommodation in the heart of Vestmannaeyjar - Westman islands","publisher":{"@id":"https:\/\/hotelvestmannaeyjar.is\/is\/#organization"},"potentialAction":[{"@type":"SearchAction","target":{"@type":"EntryPoint","urlTemplate":"https:\/\/hotelvestmannaeyjar.is\/is\/?s={search_term_string}"},"query-input":{"@type":"PropertyValueSpecification","valueRequired":true,"valueName":"search_term_string"}}],"inLanguage":"is"},{"@type":"Organization","@id":"https:\/\/hotelvestmannaeyjar.is\/is\/#organization","name":"H\u00f3tel Vestmannaeyjar","url":"https:\/\/hotelvestmannaeyjar.is\/is\/","logo":{"@type":"ImageObject","inLanguage":"is","@id":"https:\/\/hotelvestmannaeyjar.is\/is\/#\/schema\/logo\/image\/","url":"https:\/\/5910d8f44c.nxcli.io\/wp-content\/uploads\/2018\/07\/hotel-vestmannaeyjar-logo.png","contentUrl":"https:\/\/5910d8f44c.nxcli.io\/wp-content\/uploads\/2018\/07\/hotel-vestmannaeyjar-logo.png","width":506,"height":260,"caption":"H\u00f3tel Vestmannaeyjar"},"image":{"@id":"https:\/\/hotelvestmannaeyjar.is\/is\/#\/schema\/logo\/image\/"},"sameAs":["https:\/\/www.facebook.com\/HotelVestmannaeyjar\/","https:\/\/www.instagram.com\/hotelvestmannaeyjar\/"]}]}},"_links":{"self":[{"href":"https:\/\/hotelvestmannaeyjar.is\/is\/wp-json\/wp\/v2\/pages\/1374","targetHints":{"allow":["GET"]}}],"collection":[{"href":"https:\/\/hotelvestmannaeyjar.is\/is\/wp-json\/wp\/v2\/pages"}],"about":[{"href":"https:\/\/hotelvestmannaeyjar.is\/is\/wp-json\/wp\/v2\/types\/page"}],"author":[{"embeddable":true,"href":"https:\/\/hotelvestmannaeyjar.is\/is\/wp-json\/wp\/v2\/users\/2"}],"replies":[{"embeddable":true,"href":"https:\/\/hotelvestmannaeyjar.is\/is\/wp-json\/wp\/v2\/comments?post=1374"}],"version-history":[{"count":4,"href":"https:\/\/hotelvestmannaeyjar.is\/is\/wp-json\/wp\/v2\/pages\/1374\/revisions"}],"predecessor-version":[{"id":1566,"href":"https:\/\/hotelvestmannaeyjar.is\/is\/wp-json\/wp\/v2\/pages\/1374\/revisions\/1566"}],"up":[{"embeddable":true,"href":"https:\/\/hotelvestmannaeyjar.is\/is\/wp-json\/wp\/v2\/pages\/1403"}],"wp:attachment":[{"href":"https:\/\/hotelvestmannaeyjar.is\/is\/wp-json\/wp\/v2\/media?parent=1374"}],"curies":[{"name":"wp","href":"https:\/\/api.w.org\/{rel}","templated":true}]}}