{"id":1383,"date":"2018-11-06T18:17:25","date_gmt":"2018-11-06T18:17:25","guid":{"rendered":"https:\/\/hotelvestmannaeyjar.is\/lundi\/"},"modified":"2024-04-29T10:18:56","modified_gmt":"2024-04-29T10:18:56","slug":"lundi","status":"publish","type":"page","link":"https:\/\/hotelvestmannaeyjar.is\/is\/lundi\/","title":{"rendered":"Lundi"},"content":{"rendered":"<div class=\"wpb-content-wrapper\"><p>[vc_row][vc_column][vc_column_text]Lundi (Fratercula arctica), er tegund sj\u00f3fugla \u00ed alkafj\u00f6lskyldunni (Alcidea), hann er einn af sm\u00e6rri alkfuglum og einnig algengastur. Lundinn er algengastur vi\u00f0 strendur \u00cdslands, um sext\u00edu pr\u00f3sent stofnsins verpir \u00e1 \u00cdslandi.<\/p>\n<p>Lundinn er a\u00f0 finna \u00ed Nor\u00f0ur-Atlantshafi, hann verpir \u00e1 \u00cdslandi, Gr\u00e6nlandi, N\u00fdfundnalandi, Noregi, me\u00f0fram str\u00f6nd Maine \u00ed Bandar\u00edkjunum, \u00e1 \u00cdrlandi og Bretlandi \u00ed austri. Tali\u00f0 er a\u00f0 heildarstofn lundans s\u00e9 um 14 millj\u00f3nir og st\u00e6rsta lundabygg\u00f0 er a\u00f0 finna \u00ed Vestmannaeyjum \u00ed Vestmannaeyjum \u00e1 \u00cdslandi.<\/p>\n<p>Lundinn er frekar l\u00edtill fugl, um 26-29 cm langur og vegur um 450-500g. V\u00e6nghaf hans er um 47-65 cm. \u00dea\u00f0 sem gerir lundann s\u00e9rstakan er litr\u00edkur, flathli\u00f0a goggurinn. Fullor\u00f0inn lundi er svartur a\u00f0 ofan, hv\u00edtur a\u00f0 ne\u00f0an, me\u00f0 svarta hettu og svartan kraga, f\u00e6tur hans eru appels\u00ednugulir.<\/p>\n<p>A\u00f0alf\u00e6\u00f0a lundans er sands\u00edli og lo\u00f0na, auk sei\u00f0a, sn\u00e1ka og kr\u00edli. Hann er g\u00f3\u00f0ur kafari og kafar eftir mat ni\u00f0ur \u00e1 60 metra d\u00fdpi og getur eytt um 1,5 m\u00edn\u00fatu ne\u00f0ansj\u00e1var.<\/p>\n<p>Lundinn ey\u00f0ir mestum t\u00edma s\u00ednum \u00fati \u00e1 sj\u00f3 en \u00ed kringum apr\u00edl\/ma\u00ed byrjar varpt\u00edminn \u00feannig a\u00f0 hann byrjar a\u00f0 verpa \u00e1 graseyjum, nesum og hl\u00ed\u00f0um fyrir ofan klettatoppa e\u00f0a \u00ed j\u00f6kulum ne\u00f0an vi\u00f0 kletta. Eggjavarp hefst venjulega \u00ed j\u00fan\u00ed \u00e1 \u00cdslandi en h\u00fan getur veri\u00f0 mismunandi eftir st\u00f6\u00f0um. Kvend\u00fdri\u00f0 verpir einu hv\u00edtu eggi \u00e1 hverju \u00e1ri, ef \u00fea\u00f0 er snemma \u00e1 varpt\u00edmanum g\u00e6ti h\u00fan verpt \u00f6\u00f0ru eggi. Eins og flestir fuglar verpir lundinn ekki \u00e1 eggjunum heldur heldur \u00feeim hita undir v\u00e6ngjunum, b\u00e1\u00f0ir foreldrar deila me\u00f0 s\u00e9r r\u00e6ktunarskyldunni.<\/p>\n<p>R\u00e6ktunart\u00edminn er um 42 dagar og foreldrar yfirgefa ungann venjulega \u00feegar hann er um 40 daga gamall. Kj\u00faklingurinn heitir Puffling (Pysja \u00e1 \u00cdslandi). P\u00faffur fer venjulega \u00far hrei\u00f0rinu um mi\u00f0jan \u00e1g\u00fast og heldur \u00e1 sj\u00f3inn til a\u00f0 leita s\u00e9r a\u00f0 \u00e6ti. \u00cd Vestmannaeyjum t\u00fdnast lunda stundum vegna lj\u00f3sanna fr\u00e1 h\u00fasunum og reikar inn \u00ed b\u00e6inn. Hef\u00f0 er fyrir \u00fev\u00ed a\u00f0 b\u00f6rnin \u00ed Vestmannaeyjum bjarga t\u00fdndum lundunum, safna \u00feeim saman og sleppa \u00feeim s\u00ed\u00f0an \u00ed hafi\u00f0.<\/p>\n<p>Besti t\u00edminn til a\u00f0 koma auga \u00e1 lunda er \u00ed lok apr\u00edl fram \u00ed byrjun september. Besti t\u00edmi dagsins til a\u00f0 koma auga \u00e1 \u00fe\u00e1 er \u00e1 morgnana (07:00-10:00) og \u00e1 kv\u00f6ldin (18:00-22:00). [\/vc_column_text][\/vc_column][\/vc_row][vc_row][vc_column][\/vc_column][\/vc_row]<\/p>\n<\/div>","protected":false},"excerpt":{"rendered":"<p>[vc_row][vc_column][vc_column_text]Lundi (Fratercula arctica), er tegund sj\u00f3fugla \u00ed alkafj\u00f6lskyldunni (Alcidea), hann er einn af sm\u00e6rri alkfuglum og einnig algengastur. Lundinn er algengastur vi\u00f0 strendur \u00cdslands, um sext\u00edu pr\u00f3sent stofnsins verpir \u00e1 \u00cdslandi. Lundinn er a\u00f0 finna \u00ed Nor\u00f0ur-Atlantshafi, hann verpir \u00e1 \u00cdslandi, Gr\u00e6nlandi, N\u00fdfundnalandi, Noregi, me\u00f0fram str\u00f6nd Maine \u00ed Bandar\u00edkjunum, \u00e1 \u00cdrlandi og Bretlandi \u00ed austri.&hellip;<\/p>\n","protected":false},"author":2,"featured_media":0,"parent":0,"menu_order":0,"comment_status":"closed","ping_status":"closed","template":"template-microsite.php","meta":{"_monsterinsights_skip_tracking":false,"_monsterinsights_sitenote_active":false,"_monsterinsights_sitenote_note":"","_monsterinsights_sitenote_category":0,"footnotes":""},"class_list":["post-1383","page","type-page","status-publish","hentry","description-off"],"yoast_head":"<!-- This site is optimized with the Yoast SEO plugin v27.2 - https:\/\/yoast.com\/product\/yoast-seo-wordpress\/ -->\n<title>Lundi - H\u00f3tel Vestmannaeyjar<\/title>\n<meta name=\"robots\" content=\"index, follow, max-snippet:-1, max-image-preview:large, max-video-preview:-1\" \/>\n<link rel=\"canonical\" href=\"https:\/\/hotelvestmannaeyjar.is\/is\/lundi\/\" \/>\n<meta property=\"og:locale\" content=\"is_IS\" \/>\n<meta property=\"og:type\" content=\"article\" \/>\n<meta property=\"og:title\" content=\"Lundi - H\u00f3tel Vestmannaeyjar\" \/>\n<meta property=\"og:description\" content=\"[vc_row][vc_column][vc_column_text]Lundi (Fratercula arctica), er tegund sj\u00f3fugla \u00ed alkafj\u00f6lskyldunni (Alcidea), hann er einn af sm\u00e6rri alkfuglum og einnig algengastur. Lundinn er algengastur vi\u00f0 strendur \u00cdslands, um sext\u00edu pr\u00f3sent stofnsins verpir \u00e1 \u00cdslandi. Lundinn er a\u00f0 finna \u00ed Nor\u00f0ur-Atlantshafi, hann verpir \u00e1 \u00cdslandi, Gr\u00e6nlandi, N\u00fdfundnalandi, Noregi, me\u00f0fram str\u00f6nd Maine \u00ed Bandar\u00edkjunum, \u00e1 \u00cdrlandi og Bretlandi \u00ed austri.&hellip;\" \/>\n<meta property=\"og:url\" content=\"https:\/\/hotelvestmannaeyjar.is\/is\/lundi\/\" \/>\n<meta property=\"og:site_name\" content=\"H\u00f3tel Vestmannaeyjar\" \/>\n<meta property=\"article:publisher\" content=\"https:\/\/www.facebook.com\/HotelVestmannaeyjar\/\" \/>\n<meta property=\"article:modified_time\" content=\"2024-04-29T10:18:56+00:00\" \/>\n<meta property=\"og:image\" content=\"https:\/\/hotelvestmannaeyjar.is\/wp-content\/uploads\/2018\/07\/Hotel-double-room-5.jpg\" \/>\n\t<meta property=\"og:image:width\" content=\"2048\" \/>\n\t<meta property=\"og:image:height\" content=\"1396\" \/>\n\t<meta property=\"og:image:type\" content=\"image\/jpeg\" \/>\n<meta name=\"twitter:card\" content=\"summary_large_image\" \/>\n<meta name=\"twitter:label1\" content=\"Est. reading time\" \/>\n\t<meta name=\"twitter:data1\" content=\"2 minutes\" \/>\n<script type=\"application\/ld+json\" class=\"yoast-schema-graph\">{\"@context\":\"https:\/\/schema.org\",\"@graph\":[{\"@type\":\"WebPage\",\"@id\":\"https:\/\/hotelvestmannaeyjar.is\/is\/lundi\/\",\"url\":\"https:\/\/hotelvestmannaeyjar.is\/is\/lundi\/\",\"name\":\"Lundi - H\u00f3tel Vestmannaeyjar\",\"isPartOf\":{\"@id\":\"https:\/\/hotelvestmannaeyjar.is\/is\/#website\"},\"datePublished\":\"2018-11-06T18:17:25+00:00\",\"dateModified\":\"2024-04-29T10:18:56+00:00\",\"breadcrumb\":{\"@id\":\"https:\/\/hotelvestmannaeyjar.is\/is\/lundi\/#breadcrumb\"},\"inLanguage\":\"is\",\"potentialAction\":[{\"@type\":\"ReadAction\",\"target\":[\"https:\/\/hotelvestmannaeyjar.is\/is\/lundi\/\"]}]},{\"@type\":\"BreadcrumbList\",\"@id\":\"https:\/\/hotelvestmannaeyjar.is\/is\/lundi\/#breadcrumb\",\"itemListElement\":[{\"@type\":\"ListItem\",\"position\":1,\"name\":\"Home\",\"item\":\"https:\/\/hotelvestmannaeyjar.is\/is\/\"},{\"@type\":\"ListItem\",\"position\":2,\"name\":\"Lundi\"}]},{\"@type\":\"WebSite\",\"@id\":\"https:\/\/hotelvestmannaeyjar.is\/is\/#website\",\"url\":\"https:\/\/hotelvestmannaeyjar.is\/is\/\",\"name\":\"H\u00f3tel Vestmannaeyjar\",\"description\":\"Accommodation in the heart of Vestmannaeyjar - Westman islands\",\"publisher\":{\"@id\":\"https:\/\/hotelvestmannaeyjar.is\/is\/#organization\"},\"potentialAction\":[{\"@type\":\"SearchAction\",\"target\":{\"@type\":\"EntryPoint\",\"urlTemplate\":\"https:\/\/hotelvestmannaeyjar.is\/is\/?s={search_term_string}\"},\"query-input\":{\"@type\":\"PropertyValueSpecification\",\"valueRequired\":true,\"valueName\":\"search_term_string\"}}],\"inLanguage\":\"is\"},{\"@type\":\"Organization\",\"@id\":\"https:\/\/hotelvestmannaeyjar.is\/is\/#organization\",\"name\":\"H\u00f3tel Vestmannaeyjar\",\"url\":\"https:\/\/hotelvestmannaeyjar.is\/is\/\",\"logo\":{\"@type\":\"ImageObject\",\"inLanguage\":\"is\",\"@id\":\"https:\/\/hotelvestmannaeyjar.is\/is\/#\/schema\/logo\/image\/\",\"url\":\"https:\/\/5910d8f44c.nxcli.io\/wp-content\/uploads\/2018\/07\/hotel-vestmannaeyjar-logo.png\",\"contentUrl\":\"https:\/\/5910d8f44c.nxcli.io\/wp-content\/uploads\/2018\/07\/hotel-vestmannaeyjar-logo.png\",\"width\":506,\"height\":260,\"caption\":\"H\u00f3tel Vestmannaeyjar\"},\"image\":{\"@id\":\"https:\/\/hotelvestmannaeyjar.is\/is\/#\/schema\/logo\/image\/\"},\"sameAs\":[\"https:\/\/www.facebook.com\/HotelVestmannaeyjar\/\",\"https:\/\/www.instagram.com\/hotelvestmannaeyjar\/\"]}]}<\/script>\n<!-- \/ Yoast SEO plugin. -->","yoast_head_json":{"title":"Lundi - H\u00f3tel Vestmannaeyjar","robots":{"index":"index","follow":"follow","max-snippet":"max-snippet:-1","max-image-preview":"max-image-preview:large","max-video-preview":"max-video-preview:-1"},"canonical":"https:\/\/hotelvestmannaeyjar.is\/is\/lundi\/","og_locale":"is_IS","og_type":"article","og_title":"Lundi - H\u00f3tel Vestmannaeyjar","og_description":"[vc_row][vc_column][vc_column_text]Lundi (Fratercula arctica), er tegund sj\u00f3fugla \u00ed alkafj\u00f6lskyldunni (Alcidea), hann er einn af sm\u00e6rri alkfuglum og einnig algengastur. Lundinn er algengastur vi\u00f0 strendur \u00cdslands, um sext\u00edu pr\u00f3sent stofnsins verpir \u00e1 \u00cdslandi. Lundinn er a\u00f0 finna \u00ed Nor\u00f0ur-Atlantshafi, hann verpir \u00e1 \u00cdslandi, Gr\u00e6nlandi, N\u00fdfundnalandi, Noregi, me\u00f0fram str\u00f6nd Maine \u00ed Bandar\u00edkjunum, \u00e1 \u00cdrlandi og Bretlandi \u00ed austri.&hellip;","og_url":"https:\/\/hotelvestmannaeyjar.is\/is\/lundi\/","og_site_name":"H\u00f3tel Vestmannaeyjar","article_publisher":"https:\/\/www.facebook.com\/HotelVestmannaeyjar\/","article_modified_time":"2024-04-29T10:18:56+00:00","og_image":[{"width":2048,"height":1396,"url":"https:\/\/hotelvestmannaeyjar.is\/wp-content\/uploads\/2018\/07\/Hotel-double-room-5.jpg","type":"image\/jpeg"}],"twitter_card":"summary_large_image","twitter_misc":{"Est. reading time":"2 minutes"},"schema":{"@context":"https:\/\/schema.org","@graph":[{"@type":"WebPage","@id":"https:\/\/hotelvestmannaeyjar.is\/is\/lundi\/","url":"https:\/\/hotelvestmannaeyjar.is\/is\/lundi\/","name":"Lundi - H\u00f3tel Vestmannaeyjar","isPartOf":{"@id":"https:\/\/hotelvestmannaeyjar.is\/is\/#website"},"datePublished":"2018-11-06T18:17:25+00:00","dateModified":"2024-04-29T10:18:56+00:00","breadcrumb":{"@id":"https:\/\/hotelvestmannaeyjar.is\/is\/lundi\/#breadcrumb"},"inLanguage":"is","potentialAction":[{"@type":"ReadAction","target":["https:\/\/hotelvestmannaeyjar.is\/is\/lundi\/"]}]},{"@type":"BreadcrumbList","@id":"https:\/\/hotelvestmannaeyjar.is\/is\/lundi\/#breadcrumb","itemListElement":[{"@type":"ListItem","position":1,"name":"Home","item":"https:\/\/hotelvestmannaeyjar.is\/is\/"},{"@type":"ListItem","position":2,"name":"Lundi"}]},{"@type":"WebSite","@id":"https:\/\/hotelvestmannaeyjar.is\/is\/#website","url":"https:\/\/hotelvestmannaeyjar.is\/is\/","name":"H\u00f3tel Vestmannaeyjar","description":"Accommodation in the heart of Vestmannaeyjar - Westman islands","publisher":{"@id":"https:\/\/hotelvestmannaeyjar.is\/is\/#organization"},"potentialAction":[{"@type":"SearchAction","target":{"@type":"EntryPoint","urlTemplate":"https:\/\/hotelvestmannaeyjar.is\/is\/?s={search_term_string}"},"query-input":{"@type":"PropertyValueSpecification","valueRequired":true,"valueName":"search_term_string"}}],"inLanguage":"is"},{"@type":"Organization","@id":"https:\/\/hotelvestmannaeyjar.is\/is\/#organization","name":"H\u00f3tel Vestmannaeyjar","url":"https:\/\/hotelvestmannaeyjar.is\/is\/","logo":{"@type":"ImageObject","inLanguage":"is","@id":"https:\/\/hotelvestmannaeyjar.is\/is\/#\/schema\/logo\/image\/","url":"https:\/\/5910d8f44c.nxcli.io\/wp-content\/uploads\/2018\/07\/hotel-vestmannaeyjar-logo.png","contentUrl":"https:\/\/5910d8f44c.nxcli.io\/wp-content\/uploads\/2018\/07\/hotel-vestmannaeyjar-logo.png","width":506,"height":260,"caption":"H\u00f3tel Vestmannaeyjar"},"image":{"@id":"https:\/\/hotelvestmannaeyjar.is\/is\/#\/schema\/logo\/image\/"},"sameAs":["https:\/\/www.facebook.com\/HotelVestmannaeyjar\/","https:\/\/www.instagram.com\/hotelvestmannaeyjar\/"]}]}},"_links":{"self":[{"href":"https:\/\/hotelvestmannaeyjar.is\/is\/wp-json\/wp\/v2\/pages\/1383","targetHints":{"allow":["GET"]}}],"collection":[{"href":"https:\/\/hotelvestmannaeyjar.is\/is\/wp-json\/wp\/v2\/pages"}],"about":[{"href":"https:\/\/hotelvestmannaeyjar.is\/is\/wp-json\/wp\/v2\/types\/page"}],"author":[{"embeddable":true,"href":"https:\/\/hotelvestmannaeyjar.is\/is\/wp-json\/wp\/v2\/users\/2"}],"replies":[{"embeddable":true,"href":"https:\/\/hotelvestmannaeyjar.is\/is\/wp-json\/wp\/v2\/comments?post=1383"}],"version-history":[{"count":3,"href":"https:\/\/hotelvestmannaeyjar.is\/is\/wp-json\/wp\/v2\/pages\/1383\/revisions"}],"predecessor-version":[{"id":1387,"href":"https:\/\/hotelvestmannaeyjar.is\/is\/wp-json\/wp\/v2\/pages\/1383\/revisions\/1387"}],"wp:attachment":[{"href":"https:\/\/hotelvestmannaeyjar.is\/is\/wp-json\/wp\/v2\/media?parent=1383"}],"curies":[{"name":"wp","href":"https:\/\/api.w.org\/{rel}","templated":true}]}}